{"id":530,"date":"2020-06-25T09:32:30","date_gmt":"2020-06-25T09:32:30","guid":{"rendered":"https:\/\/gestionaseguros.co?page_id=530"},"modified":"2022-03-24T20:47:46","modified_gmt":"2022-03-24T20:47:46","slug":"service-page-01","status":"publish","type":"page","link":"https:\/\/gestionaseguros.co\/index.php\/service-page-01\/","title":{"rendered":"Service Page 01"},"content":{"rendered":"\t\t<div data-elementor-type=\"wp-page\" data-elementor-id=\"530\" class=\"elementor elementor-530\">\n\t\t\t\t\t\t<div class=\"elementor-inner\">\n\t\t\t\t<div class=\"elementor-section-wrap\">\n\t\t\t\t\t\t\t\t\t<section class=\"elementor-section elementor-top-section elementor-element elementor-element-ce7dd22 elementor-section-stretched elementor-section-full_width elementor-section-height-default elementor-section-height-default\" data-id=\"ce7dd22\" data-element_type=\"section\" data-settings=\"{&quot;stretch_section&quot;:&quot;section-stretched&quot;}\">\n\t\t\t\t\t\t<div class=\"elementor-container elementor-column-gap-default\">\n\t\t\t\t\t\t\t<div class=\"elementor-row\">\n\t\t\t\t\t<div class=\"elementor-column elementor-col-100 elementor-top-column elementor-element elementor-element-927e3fc\" data-id=\"927e3fc\" data-element_type=\"column\">\n\t\t\t<div class=\"elementor-column-wrap elementor-element-populated\">\n\t\t\t\t\t\t\t<div class=\"elementor-widget-wrap\">\n\t\t\t\t\t\t<div class=\"elementor-element elementor-element-4a3c3a2 elementor-widget elementor-widget-fionca_service\" data-id=\"4a3c3a2\" data-element_type=\"widget\" data-widget_type=\"fionca_service.default\">\n\t\t\t\t<div class=\"elementor-widget-container\">\n\t\t\t\t\t<!-- service-section -->\n\t\t\t\t\t<section class=\"service-section\">\n\t\t\t\t<div class=\"auto-container\">\n\t\t\t\t\t<div class=\"title-box\">\n\t\t\t\t\t\t<div class=\"row clearfix\">\n\t\t\t\t\t\t\t<div class=\"col-lg-6 col-md-12 col-sm-12 title-column\">\n\t\t\t\t\t\t\t\t<div class=\"sec-title right\">\n\t\t\t\t\t\t\t\t\t<h5><\/h5>\n\t\t\t\t\t\t\t\t\t<h2 class=\"heading\">Que f\u00e1cil es cerrar negocios con Gestiona<\/h2>\n\t\t\t\t\t\t\t\t<\/div>\n\t\t\t\t\t\t\t<\/div>\n\t\t\t\t\t\t\t<div class=\"col-lg-6 col-md-12 col-sm-12 text-column\">\n\t\t\t\t\t\t\t\t<div class=\"text\">\n\t\t\t\t\t\t\t\t\t<p><\/p>\n\t\t\t\t\t\t\t\t<\/div>\n\t\t\t\t\t\t\t<\/div>\n\t\t\t\t\t\t<\/div>\n\t\t\t\t\t<\/div>\n\t\t\t\t\t<div class=\"inner-content\">\n\t\t\t\t\t\t<div class=\"row clearfix\">\n\t\t\t\t\t\t\t\t\t\t\t\t\t\t\t<div class=\"col-lg-6 col-md-6 col-sm-12 service-block\">\n\t\t\t\t\t\t\t\t\t<div class=\"service-block-one wow fadeInLeft animated animated\" data-wow-delay=\"0ms\" data-wow-duration=\"1500ms\">\n\t\t\t\t\t\t\t\t\t\t<div class=\"inner-box\">\n\t\t\t\t\t\t\t\t\t\t\t<h4><a href=\"https:\/\/smartdemowp.com\/fionca\/services\/investment-trading\/\"  target=\"_blank\"  rel=\"nofollow\">Conocimiento<\/a><\/h4>\n\t\t\t\t\t\t\t\t\t\t\t<div class=\"inner\">\n\t\t\t\t\t\t\t\t\t\t\t\t<div class=\"icon-box\"><i aria-hidden=\"true\" class=\" flaticon-idea\"><\/i><\/div>\n\t\t\t\t\t\t\t\t\t\t\t\t<p>Amplia experiencia en el sector con enfoque comercial.<\/p>\n\t\t\t\t\t\t\t\t\t\t\t\t<a href=\"https:\/\/smartdemowp.com\/fionca\/services\/investment-trading\/\"  target=\"_blank\"  rel=\"nofollow\"><i class=\"fas fa-arrow-right\"><\/i><span>Read More<\/span><\/a>\n\t\t\t\t\t\t\t\t\t\t\t<\/div>\n\t\t\t\t\t\t\t\t\t\t<\/div>\n\t\t\t\t\t\t\t\t\t<\/div>\n\t\t\t\t\t\t\t\t<\/div>\n\t\t\t\t\t\t\t\t\t\t\t\t\t\t\t<div class=\"col-lg-6 col-md-6 col-sm-12 service-block\">\n\t\t\t\t\t\t\t\t\t<div class=\"service-block-one wow fadeInLeft animated animated\" data-wow-delay=\"0ms\" data-wow-duration=\"1500ms\">\n\t\t\t\t\t\t\t\t\t\t<div class=\"inner-box\">\n\t\t\t\t\t\t\t\t\t\t\t<h4><a href=\"https:\/\/smartdemowp.com\/fionca\/services\/investment-trading\/\"  target=\"_blank\"  rel=\"nofollow\">Soporte T\u00e9cnico<\/a><\/h4>\n\t\t\t\t\t\t\t\t\t\t\t<div class=\"inner\">\n\t\t\t\t\t\t\t\t\t\t\t\t<div class=\"icon-box\"><i aria-hidden=\"true\" class=\" flaticon-presentation\"><\/i><\/div>\n\t\t\t\t\t\t\t\t\t\t\t\t<p>An\u00e1lisis de los riesgos, comparativos de compa\u00f1\u00edas y productos.<\/p>\n\t\t\t\t\t\t\t\t\t\t\t\t<a href=\"https:\/\/smartdemowp.com\/fionca\/services\/investment-trading\/\"  target=\"_blank\"  rel=\"nofollow\"><i class=\"fas fa-arrow-right\"><\/i><span>Read More<\/span><\/a>\n\t\t\t\t\t\t\t\t\t\t\t<\/div>\n\t\t\t\t\t\t\t\t\t\t<\/div>\n\t\t\t\t\t\t\t\t\t<\/div>\n\t\t\t\t\t\t\t\t<\/div>\n\t\t\t\t\t\t\t\t\t\t\t\t\t\t\t<div class=\"col-lg-6 col-md-6 col-sm-12 service-block\">\n\t\t\t\t\t\t\t\t\t<div class=\"service-block-one wow fadeInLeft animated animated\" data-wow-delay=\"0ms\" data-wow-duration=\"1500ms\">\n\t\t\t\t\t\t\t\t\t\t<div class=\"inner-box\">\n\t\t\t\t\t\t\t\t\t\t\t<h4><a href=\"https:\/\/smartdemowp.com\/fionca\/services\/investment-trading\/\"  target=\"_blank\"  rel=\"nofollow\">Portafolio<\/a><\/h4>\n\t\t\t\t\t\t\t\t\t\t\t<div class=\"inner\">\n\t\t\t\t\t\t\t\t\t\t\t\t<div class=\"icon-box\"><i aria-hidden=\"true\" class=\"fas fa-hand-holding\"><\/i><\/div>\n\t\t\t\t\t\t\t\t\t\t\t\t<p>Amplia variedad de Compa\u00f1\u00edas de Seguros y productos a ofrecer..<\/p>\n\t\t\t\t\t\t\t\t\t\t\t\t<a href=\"https:\/\/smartdemowp.com\/fionca\/services\/investment-trading\/\"  target=\"_blank\"  rel=\"nofollow\"><i class=\"fas fa-arrow-right\"><\/i><span>Read More<\/span><\/a>\n\t\t\t\t\t\t\t\t\t\t\t<\/div>\n\t\t\t\t\t\t\t\t\t\t<\/div>\n\t\t\t\t\t\t\t\t\t<\/div>\n\t\t\t\t\t\t\t\t<\/div>\n\t\t\t\t\t\t\t\t\t\t\t\t\t\t\t<div class=\"col-lg-6 col-md-6 col-sm-12 service-block\">\n\t\t\t\t\t\t\t\t\t<div class=\"service-block-one wow fadeInLeft animated animated\" data-wow-delay=\"0ms\" data-wow-duration=\"1500ms\">\n\t\t\t\t\t\t\t\t\t\t<div class=\"inner-box\">\n\t\t\t\t\t\t\t\t\t\t\t<h4><a href=\"https:\/\/smartdemowp.com\/fionca\/services\/investment-trading\/\"  target=\"_blank\"  rel=\"nofollow\">An\u00e1lisis<\/a><\/h4>\n\t\t\t\t\t\t\t\t\t\t\t<div class=\"inner\">\n\t\t\t\t\t\t\t\t\t\t\t\t<div class=\"icon-box\"><i aria-hidden=\"true\" class=\" flaticon-search\"><\/i><\/div>\n\t\t\t\t\t\t\t\t\t\t\t\t<p>De coberturas para orientar al Cliente costo vs beneficio.<\/p>\n\t\t\t\t\t\t\t\t\t\t\t\t<a href=\"https:\/\/smartdemowp.com\/fionca\/services\/investment-trading\/\"  target=\"_blank\"  rel=\"nofollow\"><i class=\"fas fa-arrow-right\"><\/i><span>Read More<\/span><\/a>\n\t\t\t\t\t\t\t\t\t\t\t<\/div>\n\t\t\t\t\t\t\t\t\t\t<\/div>\n\t\t\t\t\t\t\t\t\t<\/div>\n\t\t\t\t\t\t\t\t<\/div>\n\t\t\t\t\t\t\t\t\t\t\t\t\t<\/div>\n\t\t\t\t\t<\/div>\n\t\t\t\t<\/div>\n\t\t\t<\/section>\n\t\t\t<!-- service-section end -->\n\t\t\t\t<!-- service-style-five end -->\n\t\t\t\t<\/div>\n\t\t\t\t<\/div>\n\t\t\t\t\t\t<\/div>\n\t\t\t\t\t<\/div>\n\t\t<\/div>\n\t\t\t\t\t\t\t\t<\/div>\n\t\t\t\t\t<\/div>\n\t\t<\/section>\n\t\t\t\t<section class=\"elementor-section elementor-top-section elementor-element elementor-element-cdaa0e1 elementor-section-stretched elementor-section-full_width elementor-section-height-default elementor-section-height-default\" data-id=\"cdaa0e1\" data-element_type=\"section\" data-settings=\"{&quot;stretch_section&quot;:&quot;section-stretched&quot;}\">\n\t\t\t\t\t\t<div class=\"elementor-container elementor-column-gap-default\">\n\t\t\t\t\t\t\t<div class=\"elementor-row\">\n\t\t\t\t\t<div class=\"elementor-column elementor-col-100 elementor-top-column elementor-element elementor-element-dd3469c\" data-id=\"dd3469c\" data-element_type=\"column\">\n\t\t\t<div class=\"elementor-column-wrap elementor-element-populated\">\n\t\t\t\t\t\t\t<div class=\"elementor-widget-wrap\">\n\t\t\t\t\t\t<div class=\"elementor-element elementor-element-a809d77 elementor-widget elementor-widget-fionca_work_steps\" data-id=\"a809d77\" data-element_type=\"widget\" data-widget_type=\"fionca_work_steps.default\">\n\t\t\t\t<div class=\"elementor-widget-container\">\n\t\t\t\n\t\t\t\t\t<!-- working-style-two -->\n\t\t\t<section class=\"working-style-two service-page-1\">\n\t\t\t\t<div class=\"auto-container\">\n\t\t\t\t\t<div class=\"sec-title style-four right\">\n\t\t\t\t\t\t<h5>Lo hacemos posible<\/h5>\n\t\t\t\t\t\t<h2 class=\"heading\">En los siguientes pasos<\/h2>\n\t\t\t\t\t\t<p><\/p>\n\t\t\t\t\t<\/div>\n\t\t\t\t\t<div class=\"row clearfix\">\n\t\t\t\t\t\t\n\t\t\t\t\t\t\t<div class=\"col-lg-4 col-md-6 col-sm-12 working-block\">\n\t\t\t\t\t\t\t\t<div class=\"working-block-two\">\n\t\t\t\t\t\t\t\t\t<div class=\"inner-box\">\n\t\t\t\t\t\t\t\t\t\t\t\t\t\t\t\t\t\t<div class=\"border-box\" style=\"background-image: url(https:\/\/gestionaseguros.co\/wp-content\/uploads\/2020\/06\/border-1.png);\"><\/div>\n\t\t\t\t\t\t\t\t\t\t\t\t\t\t\t\t\t<div class=\"icon-box\"><i aria-hidden=\"true\" class=\" flaticon-employee-2\"><\/i><\/div>\n\t\t\t\t\t\t\t\t\t\t<h3><a href=\"https:\/\/smartdemowp.com\/fionca\/services\/investment-trading\/\"  target=\"_blank\"  rel=\"nofollow\">Entrega de informaci\u00f3n<\/a><\/h3>\n\t\t\t\t\t\t\t\t\t\t<p>Informaci\u00f3n requerida para las cotizaciones y an\u00e1lisis del riesgo.<\/p>\n\t\t\t\t\t\t\t\t\t<\/div>\n\t\t\t\t\t\t\t\t<\/div>\n\t\t\t\t\t\t\t<\/div>\n\t\t\t\t\t\t\n\t\t\t\t\t\t\t<div class=\"col-lg-4 col-md-6 col-sm-12 working-block\">\n\t\t\t\t\t\t\t\t<div class=\"working-block-two\">\n\t\t\t\t\t\t\t\t\t<div class=\"inner-box\">\n\t\t\t\t\t\t\t\t\t\t\t\t\t\t\t\t\t\t<div class=\"border-box\" style=\"background-image: url(https:\/\/gestionaseguros.co\/wp-content\/uploads\/2020\/06\/border-2.png);\"><\/div>\n\t\t\t\t\t\t\t\t\t\t\t\t\t\t\t\t\t<div class=\"icon-box\"><i aria-hidden=\"true\" class=\" flaticon-target\"><\/i><\/div>\n\t\t\t\t\t\t\t\t\t\t<h3><a href=\"https:\/\/smartdemowp.com\/fionca\/services\/investment-trading\/\"  target=\"_blank\"  rel=\"nofollow\">Soluci\u00f3n adecuada<\/a><\/h3>\n\t\t\t\t\t\t\t\t\t\t<p>Seg\u00fan lo requerido proveemos diferentes opciones, teniendo encuenta coberturas, deducibles, garant\u00edas y precio.<\/p>\n\t\t\t\t\t\t\t\t\t<\/div>\n\t\t\t\t\t\t\t\t<\/div>\n\t\t\t\t\t\t\t<\/div>\n\t\t\t\t\t\t\n\t\t\t\t\t\t\t<div class=\"col-lg-4 col-md-6 col-sm-12 working-block\">\n\t\t\t\t\t\t\t\t<div class=\"working-block-two\">\n\t\t\t\t\t\t\t\t\t<div class=\"inner-box\">\n\t\t\t\t\t\t\t\t\t\t\t\t\t\t\t\t\t<div class=\"icon-box\"><i aria-hidden=\"true\" class=\" flaticon-increase\"><\/i><\/div>\n\t\t\t\t\t\t\t\t\t\t<h3><a href=\"https:\/\/smartdemowp.com\/fionca\/services\/investment-trading\/\"  target=\"_blank\"  rel=\"nofollow\">Crecimiento del negocio<\/a><\/h3>\n\t\t\t\t\t\t\t\t\t\t<p>Cierre del negocio con la mejor opci\u00f3n para el cliente.<\/p>\n\t\t\t\t\t\t\t\t\t<\/div>\n\t\t\t\t\t\t\t\t<\/div>\n\t\t\t\t\t\t\t<\/div>\n\t\t\t\t\t\t\n\t\t\t\t\t<\/div>\n\t\t\t\t<\/div>\n\t\t\t<\/section>\n\t\t\t\t\t\t<\/div>\n\t\t\t\t<\/div>\n\t\t\t\t\t\t<\/div>\n\t\t\t\t\t<\/div>\n\t\t<\/div>\n\t\t\t\t\t\t\t\t<\/div>\n\t\t\t\t\t<\/div>\n\t\t<\/section>\n\t\t\t\t<section class=\"elementor-section elementor-top-section elementor-element elementor-element-e02b94b elementor-section-stretched elementor-section-full_width elementor-section-height-default elementor-section-height-default\" data-id=\"e02b94b\" data-element_type=\"section\" data-settings=\"{&quot;stretch_section&quot;:&quot;section-stretched&quot;}\">\n\t\t\t\t\t\t<div class=\"elementor-container elementor-column-gap-default\">\n\t\t\t\t\t\t\t<div class=\"elementor-row\">\n\t\t\t\t\t<div class=\"elementor-column elementor-col-100 elementor-top-column elementor-element elementor-element-a9830a9\" data-id=\"a9830a9\" data-element_type=\"column\">\n\t\t\t<div class=\"elementor-column-wrap\">\n\t\t\t\t\t\t\t<div class=\"elementor-widget-wrap\">\n\t\t\t\t\t\t\t\t<\/div>\n\t\t\t\t\t<\/div>\n\t\t<\/div>\n\t\t\t\t\t\t\t\t<\/div>\n\t\t\t\t\t<\/div>\n\t\t<\/section>\n\t\t\t\t<section class=\"elementor-section elementor-top-section elementor-element elementor-element-76b88f5 elementor-section-stretched elementor-section-full_width elementor-section-height-default elementor-section-height-default\" data-id=\"76b88f5\" data-element_type=\"section\" data-settings=\"{&quot;stretch_section&quot;:&quot;section-stretched&quot;}\">\n\t\t\t\t\t\t<div class=\"elementor-container elementor-column-gap-default\">\n\t\t\t\t\t\t\t<div class=\"elementor-row\">\n\t\t\t\t\t<div class=\"elementor-column elementor-col-100 elementor-top-column elementor-element elementor-element-d682ac9\" data-id=\"d682ac9\" data-element_type=\"column\">\n\t\t\t<div class=\"elementor-column-wrap elementor-element-populated\">\n\t\t\t\t\t\t\t<div class=\"elementor-widget-wrap\">\n\t\t\t\t\t\t<div class=\"elementor-element elementor-element-b7d15a2 elementor-widget elementor-widget-fionca_cta\" data-id=\"b7d15a2\" data-element_type=\"widget\" data-widget_type=\"fionca_cta.default\">\n\t\t\t\t<div class=\"elementor-widget-container\">\n\t\t\t \n\t\t\t\t\t\t\t<div class=\"footer-upper\">\n\t\t\t<div class=\"auto-container\">\n\t\t\t\t<div class=\"upper-inner clearfix\">\n\t\t\t\t\t<div class=\"text pull-left\">\n\t\t\t\t\t<h2 class=\"heading\">Conoce m\u00e1s acerca de nosotros<\/h2>\n\t\t\t\t\t\t<p><\/p>\n\t\t\t\t\t<\/div>\n\t\t\t\t\t<div class=\"btn-box pull-right\">\n\t\t\t\t\t\t<a href=\"https:\/\/gestionaseguros.co\/ontact-us\/\" target=\"_blank\" rel=\"nofollow\" class=\"theme-btn style-one\">Cont\u00e1ctanos<\/a>\n\t\t\t\t\t<\/div>\n\t\t\t\t<\/div>\n\t\t\t<\/div>\n\t\t<\/div>\n\t\t\t\t\t<\/div>\n\t\t\t\t<\/div>\n\t\t\t\t\t\t<\/div>\n\t\t\t\t\t<\/div>\n\t\t<\/div>\n\t\t\t\t\t\t\t\t<\/div>\n\t\t\t\t\t<\/div>\n\t\t<\/section>\n\t\t\t\t\t\t\t\t\t<\/div>\n\t\t\t<\/div>\n\t\t\t\t\t<\/div>\n\t\t","protected":false},"excerpt":{"rendered":"<p>Que f\u00e1cil es cerrar negocios con Gestiona Conocimiento Amplia experiencia en el sector con enfoque comercial. Read More Soporte T\u00e9cnico <span>&#8230;<\/span><\/p>\n","protected":false},"author":1,"featured_media":1161,"parent":0,"menu_order":0,"comment_status":"closed","ping_status":"closed","template":"elementor_header_footer","meta":[],"_links":{"self":[{"href":"https:\/\/gestionaseguros.co\/index.php\/wp-json\/wp\/v2\/pages\/530"}],"collection":[{"href":"https:\/\/gestionaseguros.co\/index.php\/wp-json\/wp\/v2\/pages"}],"about":[{"href":"https:\/\/gestionaseguros.co\/index.php\/wp-json\/wp\/v2\/types\/page"}],"author":[{"embeddable":true,"href":"https:\/\/gestionaseguros.co\/index.php\/wp-json\/wp\/v2\/users\/1"}],"replies":[{"embeddable":true,"href":"https:\/\/gestionaseguros.co\/index.php\/wp-json\/wp\/v2\/comments?post=530"}],"version-history":[{"count":12,"href":"https:\/\/gestionaseguros.co\/index.php\/wp-json\/wp\/v2\/pages\/530\/revisions"}],"predecessor-version":[{"id":1996,"href":"https:\/\/gestionaseguros.co\/index.php\/wp-json\/wp\/v2\/pages\/530\/revisions\/1996"}],"wp:featuredmedia":[{"embeddable":true,"href":"https:\/\/gestionaseguros.co\/index.php\/wp-json\/wp\/v2\/media\/1161"}],"wp:attachment":[{"href":"https:\/\/gestionaseguros.co\/index.php\/wp-json\/wp\/v2\/media?parent=530"}],"curies":[{"name":"wp","href":"https:\/\/api.w.org\/{rel}","templated":true}]}}